{"id":27,"date":"2011-01-30T22:54:27","date_gmt":"2011-01-30T21:54:27","guid":{"rendered":"http:\/\/www.colination.co.uk\/greenpeace\/?page_id=27"},"modified":"2025-03-14T16:38:39","modified_gmt":"2025-03-14T16:38:39","slug":"people","status":"publish","type":"page","link":"https:\/\/www.greenpeace.to\/greenpeace\/?page_id=27","title":{"rendered":"People"},"content":{"rendered":"\t\t<div data-elementor-type=\"wp-page\" data-elementor-id=\"27\" class=\"elementor elementor-27\" data-elementor-settings=\"[]\">\n\t\t\t\t\t\t\t<div class=\"elementor-section-wrap\">\n\t\t\t\t\t\t\t<section class=\"elementor-section elementor-top-section elementor-element elementor-element-7dca0e12 elementor-section-boxed elementor-section-height-default elementor-section-height-default\" data-id=\"7dca0e12\" data-element_type=\"section\">\n\t\t\t\t\t\t<div class=\"elementor-container elementor-column-gap-default\">\n\t\t\t\t\t<div class=\"elementor-column elementor-col-100 elementor-top-column elementor-element elementor-element-1f7adf24\" data-id=\"1f7adf24\" data-element_type=\"column\">\n\t\t\t<div class=\"elementor-widget-wrap elementor-element-populated\">\n\t\t\t\t\t\t\t\t<div class=\"elementor-element elementor-element-602a10a5 elementor-widget elementor-widget-text-editor\" data-id=\"602a10a5\" data-element_type=\"widget\" data-widget_type=\"text-editor.default\">\n\t\t\t\t<div class=\"elementor-widget-container\">\n\t\t\t\t\t<div class=\"elementor-text-editor elementor-clearfix\"><p><strong>Dr Paul Johnston &#8211; Unit Head<\/strong><\/p><p><img loading=\"lazy\" class=\"alignright\" src=\"https:\/\/www.greenpeace.to\/images\/paulphoto.jpg\" alt=\"Photo of Paul Johnston\" width=\"105\" height=\"150\" \/><\/p><p>Paul set up the Greenpeace Research Laboratories at London&#8217;s Queen Mary College in 1987. He has continued as the principal scientist since the group relocated to the University of Exeter in 1992.<\/p><p>He obtained a PhD on selenium toxicity in aquatic invertebrates, from the University of London, in 1984. Paul now has 30 years experience in providing scientific advice and expertise to Greenpeace International and national\/regional offices around the world.<\/p><p><span style=\"color: #000000;\"><a href=\"mailto:p.johnston@exeter.ac.uk\">Email Paul<\/a><\/span><\/p><p><span style=\"color: #000000;\">\u00a0<\/span><\/p><p><strong>Dr David Santillo<\/strong><\/p><p><a href=\"https:\/\/www.greenpeace.to\/greenpeace\/wp-content\/uploads\/2013\/05\/david-2013.jpg\"><img loading=\"lazy\" class=\"wp-image-2273 size-thumbnail alignright\" title=\"david 2013\" src=\"https:\/\/www.greenpeace.to\/greenpeace\/wp-content\/uploads\/2017\/05\/David-Santillo-150x150.jpg\" width=\"150\" height=\"150\" \/><\/a><\/p><p>David obtained a degree in marine and freshwater biology in 1989, and a PhD in marine microbial ecology in 1993, both from the University of London, before continuing with postdoctoral research\u00a0into\u00a0nutrient pollution in the Adriatic Sea. A senior scientist, David joined the Greenpeace Research Laboratories in 1994, and now has more than 20 years experience in environmental forensics\u00a0and development of policies for environmental protection.<\/p><p><a href=\"mailto:d.santillo@exeter.ac.uk\">Email David<\/a><\/p><div><p><strong>Dr Iryna Labunska<\/strong><img loading=\"lazy\" class=\"alignright\" src=\"https:\/\/www.greenpeace.to\/images\/irynaphoto.jpg\" alt=\"Photo of Iryna Labunska\" width=\"105\" height=\"150\" \/><\/p><p>Iryna graduated from Kiev State University in 1980 with a Masters degree in chemistry. In 1991, following research into chemical reaction kinetics at the Ukrainian Academy of Science, Iryna began work with the Kiev Laboratory of Greenpeace. She managed the Kiev Lab from 1993 and then joined the group at Exeter, as a scientist, in 1995. Iryna obtained her PhD from the University of Birmingham in 2017, for work on human exposure to brominated flame retardants from foods contaminated by electronic waste recycling operations in China. \u00a0Aside from her expertise in organic analytical chemistry, Iryna also acts as a radiation protection advisor for Greenpeace.<\/p><p><a href=\"mailto:i.labunska@exeter.ac.uk\">Email Iryna<\/a><\/p><p><strong>Dr Kevin Brigden<\/strong><img loading=\"lazy\" class=\"alignright\" src=\"https:\/\/www.greenpeace.to\/images\/kevinphoto.jpg\" alt=\"Photo of Kevin Brigden\" width=\"105\" height=\"150\" \/><\/p><p>Kevin gained a degree in chemistry from the University of Sheffield, followed by a PhD in synthetic organic chemistry from the University of Sydney in 1996.<\/p><p>He worked as an analytical chemist and scientific advisor for a company supplying essential oils, and conducted research into the feasibility of non-wood-based paper production, before joining the Greenpeace Research Laboratories, as a scientist, in 2000. Kevin has extensive experience in the analysis and environmental fate of toxic heavy metals and has participated in international work to eliminate mercury emissions.<\/p><p><a href=\"mailto:k.m.brigden@exeter.ac.uk\">Email Kevin<\/a><\/p><p><strong>Dr Reyes Tirado<\/strong><img loading=\"lazy\" class=\"alignright\" src=\"https:\/\/www.greenpeace.to\/images\/reyesphoto.jpg\" alt=\"Photo of Reyes Tirado\" width=\"105\" height=\"150\" \/><\/p><p>Reyes graduated from Seville University (Spain) in 1997, and did her Ph.D. research on plant ecology in the Estaci\u00f3n Experimental de Zonas \u00c1ridas (CSIC) in Almer\u00eda (Spain), getting her doctorate in 2003.<\/p><p>She continued her research as a Fulbright postdoc at Stanford and Berkeley Universities in California from 2003 to 2006, studying fire and plant-plant interactions in Californian chaparral while in the Ackerly lab. She joined the Greenpeace Research Laboratories in 2006, where she is providing support in various projects concerning terrestrial ecosystems and helping shape the Food For Life campaign on sustainable agriculture.<\/p><p><a href=\"mailto:r.tirado@exeter.ac.uk\">Email Reyes<\/a><\/p><p><strong>Mo Oram<\/strong><img loading=\"lazy\" class=\"alignright\" src=\"https:\/\/www.greenpeace.to\/images\/newmophoto.jpg\" alt=\"Photo of Mo Oram\" width=\"105\" height=\"140\" \/><\/p><p>Mo Oram has arguably the most important job of all in the Science Unit. She\u2019s the person who makes sure that things arrive on time, get delivered on time and that the bills get paid on time. She also makes valuable input to the practical work in the lab. In short, without her contribution the work of the Unit would quickly grind to a halt. \u00a0In what little spare time that she does have after work, Mo can often be found in local music venues &#8211; where her singing and song-writing talents complete her considerable array of skills.<\/p><p><a href=\"mailto:m.oram@exeter.ac.uk\">Email Mo<\/a><\/p><p><strong>Dr Mengjiao Wang (Melissa)<a href=\"https:\/\/www.greenpeace.to\/greenpeace\/wp-content\/uploads\/2013\/05\/melissa-2013.jpg\"><img loading=\"lazy\" class=\"alignright size-thumbnail wp-image-1610\" title=\"melissa 2013\" src=\"https:\/\/www.greenpeace.to\/greenpeace\/wp-content\/uploads\/2013\/05\/melissa-2013-150x150.jpg\" alt=\"\" width=\"150\" height=\"150\" \/><\/a><br \/><\/strong><\/p><p>Mengjiao Wang (Melissa) obtained a degree in Environmental Science from Nanjing University, and a PhD in Marine Environmental Science from Hong Kong University of Science and Technology. She worked in the Environmental Consulting industry before joining the Greenpeace Research Laboratories as a Senior Scientist in 2012.\u00a0 Melissa\u2019s work includes organic analysis for environmental forensics research to support analytical projects around the world, as well as advising and representing Greenpeace on technical aspects of management of hazardous chemicals, marine litter and microplastics at the science-policy interface. She is also interested in further exploration of synergies and nexus among different environmental science and policy areas, e.g. climate change, biodiversity, agriculture, chemicals, waste and pollution.<\/p><p><a href=\"mailto:melissa.wang@greenpeace.org\">Email Melissa<\/a><\/p><p style=\"text-align: left;\">\u00a0<\/p><\/div><p style=\"text-align: left;\"><strong>Dr\u00a0Aidan Farrow\u00a0<img loading=\"lazy\" class=\"size-thumbnail wp-image-2269 alignright\" src=\"https:\/\/www.greenpeace.to\/greenpeace\/wp-content\/uploads\/2018\/09\/AidanFarrow.jpg\" alt=\"Aidan\" width=\"150\" height=\"150\" \/><br \/><\/strong><\/p><p>Aidan studied Environmental Geoscience at the University of Edinburgh, subsequently gaining his PhD in Climate Modelling from the University of Bristol. He undertook post-doctoral research in the field of air quality modelling and forecasting at the University of Hertfordshire, before working in industry with Air Quality Consultants Ltd. Aidan joined the Greenpeace Research Laboratories in 2018. His work investigates atmospheric pollution, its causes, and health impacts using field and laboratory methods, large observational datasets and numerical modelling approaches.<\/p><p><a href=\"mailto:%20aidan.farrow@greenpeace.org\">Email Aidan<\/a><\/p><p style=\"text-align: left;\"><strong>Dr\u00a0Ildiko Kriston\u00a0<\/strong><strong><img loading=\"lazy\" class=\"size-thumbnail wp-image-2269 alignright\" src=\"https:\/\/www.greenpeace.to\/greenpeace\/wp-content\/uploads\/2020\/02\/Ildiko_Kriston_profile_photo.jpg\" alt=\"Ildiko\" width=\"150\" height=\"150\" \/><\/strong><\/p><p>Ildiko obtained her degree as a chemical engineer in 2006, and a PhD in chemical sciences in 2011, both from the Budapest University of Technology and Economics. During her studies she researched the stabilization mechanisms of antioxidants used in polyethylene. \u00a0She worked as an analytical chemist for pharma companies before joining the Greenpeace Research Laboratories in 2020, bringing her extensive knowledge of analytical techniques\u00a0(HPLC-MS, GC-MS, NMR, FT-IR, EA) to apply to the field of environmental forensics. As a senior scientist, Ildiko works with the UHPLC-HRMS.<\/p><p style=\"text-align: left;\"><a href=\"mailto:%20ikriston@greenpeace.org\">Email Ildiko<\/a><\/p><p style=\"text-align: left;\"><strong>Beatriz (Bea) Callejo <img loading=\"lazy\" class=\"size-thumbnail wp-image-2269 alignright\" src=\"https:\/\/www.greenpeace.to\/greenpeace\/wp-content\/uploads\/2020\/02\/Beatriz-profile-photo.jpg\" alt=\"Aidan\" width=\"150\" height=\"150\" \/><br \/><\/strong><\/p><p><span style=\"color: #000000;\">Coming from a completely different background in Spain in the business and administration field, Bea studied &#8220;Biological and Medicinal Chemistry&#8221;,\u00a0<u>graduating<\/u> in 2005. Since then, she has worked for the environment Agency Lab in Exeter for 14 years as an analytical chemist, mainly in the organic section. She joined Greenpeace at the end of 2019 as an analyst\/technician and currently acts as support for analysts in their various projects.<\/span><\/p><p><a href=\"mailto:%20bcallejo@greenpeace.org\">Email Bea<\/a><\/p><\/div>\n\t\t\t\t<\/div>\n\t\t\t\t<\/div>\n\t\t\t\t\t<\/div>\n\t\t<\/div>\n\t\t\t\t\t\t\t<\/div>\n\t\t<\/section>\n\t\t\t\t\t\t<\/div>\n\t\t\t\t\t<\/div>\n\t\t","protected":false},"excerpt":{"rendered":"<p>Dr Paul Johnston &#8211; Unit Head Paul set up the Greenpeace Research Laboratories at London&#8217;s Queen Mary College in 1987. He has continued as the principal scientist since the group relocated to the University of Exeter in 1992. He obtained a PhD on selenium toxicity in aquatic invertebrates, from the University of London, in 1984. &#8230; <a title=\"People\" class=\"read-more\" href=\"https:\/\/www.greenpeace.to\/greenpeace\/?page_id=27\" aria-label=\"More on People\">Read more<\/a><\/p>\n","protected":false},"author":1,"featured_media":0,"parent":0,"menu_order":4,"comment_status":"closed","ping_status":"closed","template":"","meta":[],"_links":{"self":[{"href":"https:\/\/www.greenpeace.to\/greenpeace\/index.php?rest_route=\/wp\/v2\/pages\/27"}],"collection":[{"href":"https:\/\/www.greenpeace.to\/greenpeace\/index.php?rest_route=\/wp\/v2\/pages"}],"about":[{"href":"https:\/\/www.greenpeace.to\/greenpeace\/index.php?rest_route=\/wp\/v2\/types\/page"}],"author":[{"embeddable":true,"href":"https:\/\/www.greenpeace.to\/greenpeace\/index.php?rest_route=\/wp\/v2\/users\/1"}],"replies":[{"embeddable":true,"href":"https:\/\/www.greenpeace.to\/greenpeace\/index.php?rest_route=%2Fwp%2Fv2%2Fcomments&post=27"}],"version-history":[{"count":58,"href":"https:\/\/www.greenpeace.to\/greenpeace\/index.php?rest_route=\/wp\/v2\/pages\/27\/revisions"}],"predecessor-version":[{"id":4934,"href":"https:\/\/www.greenpeace.to\/greenpeace\/index.php?rest_route=\/wp\/v2\/pages\/27\/revisions\/4934"}],"wp:attachment":[{"href":"https:\/\/www.greenpeace.to\/greenpeace\/index.php?rest_route=%2Fwp%2Fv2%2Fmedia&parent=27"}],"curies":[{"name":"wp","href":"https:\/\/api.w.org\/{rel}","templated":true}]}}